{"id":571,"date":"2024-04-29T08:38:28","date_gmt":"2024-04-29T08:38:28","guid":{"rendered":"https:\/\/abacbarcelona.com\/atempo\/?page_id=571"},"modified":"2024-07-08T11:54:39","modified_gmt":"2024-07-08T11:54:39","slug":"avis-legal","status":"publish","type":"page","link":"https:\/\/atemporestaurant.com\/ca\/avis-legal\/","title":{"rendered":"Av\u00eds legal"},"content":{"rendered":"\n<p>0. OBJECTE I ACCEPTACI\u00d3<\/p>\n\n\n\n<p>El present av\u00eds legal regula l&#8217;\u00fas dels llocs web: www.abacbarcelona.com (en endavant, LA WEB), del qual \u00e9s titular HORECANGLE S.L (en endavant, EL PROPIETARI DE LA WEB).<\/p>\n\n\n\n<p>La navegaci\u00f3 pels llocs web del PROPIETARI DE LES WEB atribueix la condici\u00f3 d&#8217;usuari del mateix i implica l&#8217;acceptaci\u00f3 plena i sense reserves de totes i cadascuna de les disposicions incloses en aquest Av\u00eds Legal, que poden patir modificacions.<\/p>\n\n\n\n<p>L&#8217;usuari s&#8217;obliga a fer un \u00fas correcte del lloc web de conformitat amb les lleis, la bona fe, l&#8217;ordre p\u00fablic, els usos del tr\u00e0fic i el present Av\u00eds Legal. L&#8217;usuari respondr\u00e0 davant EL PROPIETARI DE LA WEB o davant de tercers, de qualsevol danys i perjudicis que poguessin causar com a conseq\u00fc\u00e8ncia de l&#8217;incompliment d&#8217;aquesta obligaci\u00f3.<\/p>\n\n\n\n<p>1. IDENTIFICACI\u00d3 I COMUNICACIONS<\/p>\n\n\n\n<p>EL PROPIETARI DE LA WEB, en compliment de la Llei 34\/2002, de 11 de juliol, de serveis de la societat de la informaci\u00f3 i de comer\u00e7 electr\u00f2nic, l&#8217;informa que:<\/p>\n\n\n\n<p>La seva denominaci\u00f3 social \u00e9s:<\/p>\n\n\n\n<p>El seu CIF \u00e9s: B 67132217<\/p>\n\n\n\n<p>Dades Registrals: Registre Mercantil de Barcelona Tom 46.227 foli 77 full n\u00ba B-513.589<\/p>\n\n\n\n<p>El seu domicili social est\u00e0 en: AVDA. TIBIDABO, 1-7 08022 BARCELONA&nbsp; &nbsp; &nbsp; &nbsp; &nbsp; &nbsp; &nbsp; &nbsp; &nbsp; &nbsp; &nbsp;&nbsp;<\/p>\n\n\n\n<p>Totes les notificacions i comunicacions entre els usuaris i EL PROPIETARI DE LA WEB es consideraran efica\u00e7os, a tots els efectes, quan es realitzin a trav\u00e9s de correu postal o electr\u00f2nic lopd@abacgroup.barcelona<\/p>\n\n\n\n<p>2. CONDICIONS D&#8217;ACC\u00c9S I UTILITZACI\u00d3<\/p>\n\n\n\n<p>El lloc web i els seus serveis s\u00f3n d&#8217;acc\u00e9s lliure i gratu\u00eft, no obstant aix\u00f2, EL PROPIETARI DE LA WEB condiciona la utilitzaci\u00f3 d&#8217;alguns dels serveis oferts a la seva web al previ ompliment del corresponent formulari.<\/p>\n","protected":false},"excerpt":{"rendered":"<p>0. OBJECTE I ACCEPTACI\u00d3 El present av\u00eds legal regula l&#8217;\u00fas dels llocs web: www.abacbarcelona.com (en endavant, LA WEB), del qual \u00e9s titular HORECANGLE S.L (en endavant, EL PROPIETARI DE LA WEB). La navegaci\u00f3 pels llocs web del PROPIETARI DE LES WEB atribueix la condici\u00f3 d&#8217;usuari del mateix i implica l&#8217;acceptaci\u00f3 plena i sense reserves de [&hellip;]<\/p>\n","protected":false},"author":1,"featured_media":0,"parent":0,"menu_order":0,"comment_status":"closed","ping_status":"closed","template":"","meta":{"_acf_changed":false,"inline_featured_image":false,"footnotes":""},"class_list":["post-571","page","type-page","status-publish","hentry"],"acf":[],"yoast_head":"<!-- This site is optimized with the Yoast SEO plugin v26.7 - https:\/\/yoast.com\/wordpress\/plugins\/seo\/ -->\n<title>Av\u00eds legal - Atempo Barcelona<\/title>\n<meta name=\"robots\" content=\"index, follow, max-snippet:-1, max-image-preview:large, max-video-preview:-1\" \/>\n<link rel=\"canonical\" href=\"https:\/\/atemporestaurant.com\/ca\/avis-legal\/\" \/>\n<meta property=\"og:locale\" content=\"ca_ES\" \/>\n<meta property=\"og:type\" content=\"article\" \/>\n<meta property=\"og:title\" content=\"Av\u00eds legal - Atempo Barcelona\" \/>\n<meta property=\"og:description\" content=\"0. OBJECTE I ACCEPTACI\u00d3 El present av\u00eds legal regula l&#8217;\u00fas dels llocs web: www.abacbarcelona.com (en endavant, LA WEB), del qual \u00e9s titular HORECANGLE S.L (en endavant, EL PROPIETARI DE LA WEB). La navegaci\u00f3 pels llocs web del PROPIETARI DE LES WEB atribueix la condici\u00f3 d&#8217;usuari del mateix i implica l&#8217;acceptaci\u00f3 plena i sense reserves de [&hellip;]\" \/>\n<meta property=\"og:url\" content=\"https:\/\/atemporestaurant.com\/ca\/avis-legal\/\" \/>\n<meta property=\"og:site_name\" content=\"Atempo Barcelona\" \/>\n<meta property=\"article:modified_time\" content=\"2024-07-08T11:54:39+00:00\" \/>\n<meta name=\"twitter:card\" content=\"summary_large_image\" \/>\n<meta name=\"twitter:label1\" content=\"Temps estimat de lectura\" \/>\n\t<meta name=\"twitter:data1\" content=\"1 minut\" \/>\n<script type=\"application\/ld+json\" class=\"yoast-schema-graph\">{\"@context\":\"https:\/\/schema.org\",\"@graph\":[{\"@type\":\"WebPage\",\"@id\":\"https:\/\/atemporestaurant.com\/ca\/avis-legal\/\",\"url\":\"https:\/\/atemporestaurant.com\/ca\/avis-legal\/\",\"name\":\"Av\u00eds legal - Atempo Barcelona\",\"isPartOf\":{\"@id\":\"https:\/\/atemporestaurant.com\/ca\/#website\"},\"datePublished\":\"2024-04-29T08:38:28+00:00\",\"dateModified\":\"2024-07-08T11:54:39+00:00\",\"breadcrumb\":{\"@id\":\"https:\/\/atemporestaurant.com\/ca\/avis-legal\/#breadcrumb\"},\"inLanguage\":\"ca\",\"potentialAction\":[{\"@type\":\"ReadAction\",\"target\":[\"https:\/\/atemporestaurant.com\/ca\/avis-legal\/\"]}]},{\"@type\":\"BreadcrumbList\",\"@id\":\"https:\/\/atemporestaurant.com\/ca\/avis-legal\/#breadcrumb\",\"itemListElement\":[{\"@type\":\"ListItem\",\"position\":1,\"name\":\"Portada\",\"item\":\"https:\/\/atemporestaurant.com\/ca\/\"},{\"@type\":\"ListItem\",\"position\":2,\"name\":\"Av\u00eds legal\"}]},{\"@type\":\"WebSite\",\"@id\":\"https:\/\/atemporestaurant.com\/ca\/#website\",\"url\":\"https:\/\/atemporestaurant.com\/ca\/\",\"name\":\"Atempo Barcelona\",\"description\":\"\",\"publisher\":{\"@id\":\"https:\/\/atemporestaurant.com\/ca\/#organization\"},\"potentialAction\":[{\"@type\":\"SearchAction\",\"target\":{\"@type\":\"EntryPoint\",\"urlTemplate\":\"https:\/\/atemporestaurant.com\/ca\/?s={search_term_string}\"},\"query-input\":{\"@type\":\"PropertyValueSpecification\",\"valueRequired\":true,\"valueName\":\"search_term_string\"}}],\"inLanguage\":\"ca\"},{\"@type\":\"Organization\",\"@id\":\"https:\/\/atemporestaurant.com\/ca\/#organization\",\"name\":\"Atempo Barcelona\",\"url\":\"https:\/\/atemporestaurant.com\/ca\/\",\"logo\":{\"@type\":\"ImageObject\",\"inLanguage\":\"ca\",\"@id\":\"https:\/\/atemporestaurant.com\/ca\/#\/schema\/logo\/image\/\",\"url\":\"https:\/\/atemporestaurant.com\/wp-content\/uploads\/sites\/6\/2024\/09\/cropped-fav-atempo-1.png\",\"contentUrl\":\"https:\/\/atemporestaurant.com\/wp-content\/uploads\/sites\/6\/2024\/09\/cropped-fav-atempo-1.png\",\"width\":512,\"height\":512,\"caption\":\"Atempo Barcelona\"},\"image\":{\"@id\":\"https:\/\/atemporestaurant.com\/ca\/#\/schema\/logo\/image\/\"}}]}<\/script>\n<!-- \/ Yoast SEO plugin. -->","yoast_head_json":{"title":"Av\u00eds legal - Atempo Barcelona","robots":{"index":"index","follow":"follow","max-snippet":"max-snippet:-1","max-image-preview":"max-image-preview:large","max-video-preview":"max-video-preview:-1"},"canonical":"https:\/\/atemporestaurant.com\/ca\/avis-legal\/","og_locale":"ca_ES","og_type":"article","og_title":"Av\u00eds legal - Atempo Barcelona","og_description":"0. OBJECTE I ACCEPTACI\u00d3 El present av\u00eds legal regula l&#8217;\u00fas dels llocs web: www.abacbarcelona.com (en endavant, LA WEB), del qual \u00e9s titular HORECANGLE S.L (en endavant, EL PROPIETARI DE LA WEB). La navegaci\u00f3 pels llocs web del PROPIETARI DE LES WEB atribueix la condici\u00f3 d&#8217;usuari del mateix i implica l&#8217;acceptaci\u00f3 plena i sense reserves de [&hellip;]","og_url":"https:\/\/atemporestaurant.com\/ca\/avis-legal\/","og_site_name":"Atempo Barcelona","article_modified_time":"2024-07-08T11:54:39+00:00","twitter_card":"summary_large_image","twitter_misc":{"Temps estimat de lectura":"1 minut"},"schema":{"@context":"https:\/\/schema.org","@graph":[{"@type":"WebPage","@id":"https:\/\/atemporestaurant.com\/ca\/avis-legal\/","url":"https:\/\/atemporestaurant.com\/ca\/avis-legal\/","name":"Av\u00eds legal - Atempo Barcelona","isPartOf":{"@id":"https:\/\/atemporestaurant.com\/ca\/#website"},"datePublished":"2024-04-29T08:38:28+00:00","dateModified":"2024-07-08T11:54:39+00:00","breadcrumb":{"@id":"https:\/\/atemporestaurant.com\/ca\/avis-legal\/#breadcrumb"},"inLanguage":"ca","potentialAction":[{"@type":"ReadAction","target":["https:\/\/atemporestaurant.com\/ca\/avis-legal\/"]}]},{"@type":"BreadcrumbList","@id":"https:\/\/atemporestaurant.com\/ca\/avis-legal\/#breadcrumb","itemListElement":[{"@type":"ListItem","position":1,"name":"Portada","item":"https:\/\/atemporestaurant.com\/ca\/"},{"@type":"ListItem","position":2,"name":"Av\u00eds legal"}]},{"@type":"WebSite","@id":"https:\/\/atemporestaurant.com\/ca\/#website","url":"https:\/\/atemporestaurant.com\/ca\/","name":"Atempo Barcelona","description":"","publisher":{"@id":"https:\/\/atemporestaurant.com\/ca\/#organization"},"potentialAction":[{"@type":"SearchAction","target":{"@type":"EntryPoint","urlTemplate":"https:\/\/atemporestaurant.com\/ca\/?s={search_term_string}"},"query-input":{"@type":"PropertyValueSpecification","valueRequired":true,"valueName":"search_term_string"}}],"inLanguage":"ca"},{"@type":"Organization","@id":"https:\/\/atemporestaurant.com\/ca\/#organization","name":"Atempo Barcelona","url":"https:\/\/atemporestaurant.com\/ca\/","logo":{"@type":"ImageObject","inLanguage":"ca","@id":"https:\/\/atemporestaurant.com\/ca\/#\/schema\/logo\/image\/","url":"https:\/\/atemporestaurant.com\/wp-content\/uploads\/sites\/6\/2024\/09\/cropped-fav-atempo-1.png","contentUrl":"https:\/\/atemporestaurant.com\/wp-content\/uploads\/sites\/6\/2024\/09\/cropped-fav-atempo-1.png","width":512,"height":512,"caption":"Atempo Barcelona"},"image":{"@id":"https:\/\/atemporestaurant.com\/ca\/#\/schema\/logo\/image\/"}}]}},"_links":{"self":[{"href":"https:\/\/atemporestaurant.com\/ca\/wp-json\/wp\/v2\/pages\/571","targetHints":{"allow":["GET"]}}],"collection":[{"href":"https:\/\/atemporestaurant.com\/ca\/wp-json\/wp\/v2\/pages"}],"about":[{"href":"https:\/\/atemporestaurant.com\/ca\/wp-json\/wp\/v2\/types\/page"}],"author":[{"embeddable":true,"href":"https:\/\/atemporestaurant.com\/ca\/wp-json\/wp\/v2\/users\/1"}],"replies":[{"embeddable":true,"href":"https:\/\/atemporestaurant.com\/ca\/wp-json\/wp\/v2\/comments?post=571"}],"version-history":[{"count":1,"href":"https:\/\/atemporestaurant.com\/ca\/wp-json\/wp\/v2\/pages\/571\/revisions"}],"predecessor-version":[{"id":572,"href":"https:\/\/atemporestaurant.com\/ca\/wp-json\/wp\/v2\/pages\/571\/revisions\/572"}],"wp:attachment":[{"href":"https:\/\/atemporestaurant.com\/ca\/wp-json\/wp\/v2\/media?parent=571"}],"curies":[{"name":"wp","href":"https:\/\/api.w.org\/{rel}","templated":true}]}}