{"id":106,"date":"2024-04-29T08:39:23","date_gmt":"2024-04-29T08:39:23","guid":{"rendered":"https:\/\/abacbarcelona.com\/atempo\/?page_id=106"},"modified":"2024-07-08T09:47:29","modified_gmt":"2024-07-08T09:47:29","slug":"politica-de-cookies","status":"publish","type":"page","link":"https:\/\/atemporestaurant.com\/es\/politica-de-cookies\/","title":{"rendered":"Pol\u00edtica de Cookies"},"content":{"rendered":"\n<h2 class=\"wp-block-heading\"><\/h2>\n\n\n\n<p>Cookie es un fichero que se descarga en su ordenador al acceder a determinadas p\u00e1ginas web. Las cookies permiten a una p\u00e1gina web, entre otras cosas, almacenar y recuperar informaci\u00f3n sobre los h\u00e1bitos de navegaci\u00f3n de un usuario o de su equipo y, dependiendo de la informaci\u00f3n que contengan y de la forma en que utilice su equipo, pueden utilizarse para reconocer al usuario. El navegador del usuario memoriza cookies en el disco duro solamente durante la sesi\u00f3n actual ocupando un espacio de memoria m\u00ednimo y no perjudicando al ordenador. Las cookies no contienen ninguna clase de informaci\u00f3n personal espec\u00edfica, y la mayor\u00eda de las mismas se borran del disco duro al finalizar la sesi\u00f3n de navegador (las denominadas cookies de sesi\u00f3n).<\/p>\n\n\n\n<p>La mayor\u00eda de los navegadores aceptan como est\u00e1ndar a las cookies y, con independencia de estas, permiten o impiden en los ajustes de seguridad las cookies temporales o memorizadas.<\/p>\n\n\n\n<p><strong>\u00bfQu\u00e9 tipos de cookies utiliza esta p\u00e1gina web?&nbsp;<\/strong><\/p>\n\n\n\n<ul class=\"wp-block-list\">\n<li><strong>Cookies de an\u00e1lisis<\/strong>: Son aqu\u00e9llas que bien tratadas por nosotros o por terceros, nos permiten cuantificar el n\u00famero de usuarios y as\u00ed realizar la medici\u00f3n y an\u00e1lisis estad\u00edstico de la utilizaci\u00f3n que hacen los usuarios del servicio ofertado. Para ello se analiza su navegaci\u00f3n en nuestra p\u00e1gina web con el fin de mejorar la oferta de productos o servicios que le ofrecemos.<\/li>\n<\/ul>\n\n\n\n<p><strong>Nombre cookie:&nbsp;<\/strong><\/p>\n\n\n\n<p><em><strong>_ga&nbsp;<\/strong><\/em><\/p>\n\n\n\n<p><em><strong>_gid<\/strong><\/em><\/p>\n\n\n\n<p><strong>Finalidad:&nbsp;<\/strong>Cookies generadas con la herramienta Google Analytics para conocer para recopilar informaci\u00f3n y ofrecer estad\u00edsticas de uso de los sitios web sin identificar personalmente a los visitantes de Google. Utilizamos diferentes dominios para habilitar las cookies que se utilizan en nuestros productos publicitarios, como los que se indican a continuaci\u00f3n y algunas versiones espec\u00edficas de cada pa\u00eds (como google.es)<\/p>\n\n\n\n<p><strong>Nombre cookie:&nbsp;<\/strong><em><strong>PHPSESSID<\/strong><\/em><\/p>\n\n\n\n<p><strong>Finalidad:&nbsp;<\/strong>Esta cookie es usada por el lenguaje de encriptado PHP para permitir que las variables de SESI\u00d3N sean guardadas en el servidor web. Esta cookie es esencial para el funcionamiento de la web.<\/p>\n\n\n\n<p><strong>Nombre cookie:&nbsp;<\/strong><em><strong>hotelhash_ Session<\/strong><\/em><\/p>\n\n\n\n<p><strong>Finalidad:&nbsp;<\/strong>Para almacenar informaci\u00f3n a nivel de sesi\u00f3n sobre qu\u00e9 mensajes han sido desplegados. La sesi\u00f3n finaliza cuando se cierra el explorador.<\/p>\n\n\n\n<p><strong>Nombre cookie:&nbsp;<\/strong><em><strong>hotelhash_ User<\/strong><\/em><\/p>\n\n\n\n<p><strong>Finalidad:&nbsp;<\/strong>Rastrear qu\u00e9 mensajes el usuario ha visto, qu\u00e9 p\u00e1ginas ha navegado y su comportamiento en el sitio web. La cookie del usuario caduca despu\u00e9s de dos a\u00f1os.&nbsp;<\/p>\n\n\n\n<p>El Usuario acepta expresamente, por la utilizaci\u00f3n de este Site, el tratamiento de la informaci\u00f3n recabada en la forma y con los fines anteriormente mencionados.&nbsp;<\/p>\n\n\n\n<p>Y asimismo reconoce conocer la posibilidad de rechazar el tratamiento de tales datos o informaci\u00f3n rechazando el uso de Cookies mediante la selecci\u00f3n de la configuraci\u00f3n apropiada a tal fin en su navegador. Si bien esta opci\u00f3n de bloqueo de Cookies en su navegador puede no permitirle el uso pleno de todas las funcionalidades del Website.<\/p>\n\n\n\n<p>Puede usted permitir, bloquear o eliminar las cookies instaladas en su equipo mediante la configuraci\u00f3n de las opciones del navegador instalado en su ordenador:<\/p>\n\n\n\n<p>\u00b7&nbsp;&nbsp;&nbsp;&nbsp;&nbsp;&nbsp;&nbsp;&nbsp;&nbsp;&nbsp;&nbsp;&nbsp;&nbsp;&nbsp;&nbsp;&nbsp;&nbsp;<a href=\"http:\/\/support.google.com\/chrome\/bin\/answer.py?hl=es&amp;answer=95647\" target=\"_blank\" rel=\"noreferrer noopener\">Chrome<\/a><\/p>\n\n\n\n<p>\u00b7&nbsp;&nbsp;&nbsp;&nbsp;&nbsp;&nbsp;&nbsp;&nbsp;&nbsp;&nbsp;&nbsp;&nbsp;&nbsp;&nbsp;&nbsp;&nbsp;&nbsp;<a href=\"http:\/\/windows.microsoft.com\/es-es\/windows7\/how-to-manage-cookies-in-internet-explorer-9\" target=\"_blank\" rel=\"noreferrer noopener\">Explorer<\/a><\/p>\n\n\n\n<p>\u00b7&nbsp;&nbsp;&nbsp;&nbsp;&nbsp;&nbsp;&nbsp;&nbsp;&nbsp;&nbsp;&nbsp;&nbsp;&nbsp;&nbsp;&nbsp;&nbsp;&nbsp;<a href=\"http:\/\/support.mozilla.org\/es\/kb\/habilitar-y-deshabilitar-cookies-que-los-sitios-we\" target=\"_blank\" rel=\"noreferrer noopener\">Firefox<\/a><\/p>\n\n\n\n<p>\u00b7&nbsp;&nbsp;&nbsp;&nbsp;&nbsp;&nbsp;&nbsp;&nbsp;&nbsp;&nbsp;&nbsp;&nbsp;&nbsp;&nbsp;&nbsp;&nbsp;&nbsp;<a href=\"http:\/\/support.apple.com\/kb\/ph5042\" target=\"_blank\" rel=\"noreferrer noopener\">Safari<\/a><\/p>\n\n\n\n<p>Si tiene dudas sobre esta pol\u00edtica de cookies, puede contactar con los administradores de este sitio en&nbsp;<a href=\"mailto:lopd@abacgroup.barcelona\" target=\"_blank\" rel=\"noreferrer noopener\">lopd@abacgroup.barcelona<\/a><\/p>\n","protected":false},"excerpt":{"rendered":"<p>Cookie es un fichero que se descarga en su ordenador al acceder a determinadas p\u00e1ginas web. Las cookies permiten a una p\u00e1gina web, entre otras cosas, almacenar y recuperar informaci\u00f3n sobre los h\u00e1bitos de navegaci\u00f3n de un usuario o de su equipo y, dependiendo de la informaci\u00f3n que contengan y de la forma en que [&hellip;]<\/p>\n","protected":false},"author":1,"featured_media":0,"parent":0,"menu_order":0,"comment_status":"closed","ping_status":"closed","template":"","meta":{"_acf_changed":false,"inline_featured_image":false,"footnotes":""},"class_list":["post-106","page","type-page","status-publish","hentry"],"acf":[],"yoast_head":"<!-- This site is optimized with the Yoast SEO plugin v26.7 - https:\/\/yoast.com\/wordpress\/plugins\/seo\/ -->\n<title>Pol\u00edtica de Cookies - Atempo Barcelona<\/title>\n<meta name=\"robots\" content=\"index, follow, max-snippet:-1, max-image-preview:large, max-video-preview:-1\" \/>\n<link rel=\"canonical\" href=\"https:\/\/atemporestaurant.com\/es\/politica-de-cookies\/\" \/>\n<meta property=\"og:locale\" content=\"es_ES\" \/>\n<meta property=\"og:type\" content=\"article\" \/>\n<meta property=\"og:title\" content=\"Pol\u00edtica de Cookies - Atempo Barcelona\" \/>\n<meta property=\"og:description\" content=\"Cookie es un fichero que se descarga en su ordenador al acceder a determinadas p\u00e1ginas web. Las cookies permiten a una p\u00e1gina web, entre otras cosas, almacenar y recuperar informaci\u00f3n sobre los h\u00e1bitos de navegaci\u00f3n de un usuario o de su equipo y, dependiendo de la informaci\u00f3n que contengan y de la forma en que [&hellip;]\" \/>\n<meta property=\"og:url\" content=\"https:\/\/atemporestaurant.com\/es\/politica-de-cookies\/\" \/>\n<meta property=\"og:site_name\" content=\"Atempo Barcelona\" \/>\n<meta property=\"article:modified_time\" content=\"2024-07-08T09:47:29+00:00\" \/>\n<meta name=\"twitter:card\" content=\"summary_large_image\" \/>\n<meta name=\"twitter:label1\" content=\"Tiempo de lectura\" \/>\n\t<meta name=\"twitter:data1\" content=\"3 minutos\" \/>\n<script type=\"application\/ld+json\" class=\"yoast-schema-graph\">{\"@context\":\"https:\/\/schema.org\",\"@graph\":[{\"@type\":\"WebPage\",\"@id\":\"https:\/\/atemporestaurant.com\/es\/politica-de-cookies\/\",\"url\":\"https:\/\/atemporestaurant.com\/es\/politica-de-cookies\/\",\"name\":\"Pol\u00edtica de Cookies - Atempo Barcelona\",\"isPartOf\":{\"@id\":\"https:\/\/atemporestaurant.com\/es\/#website\"},\"datePublished\":\"2024-04-29T08:39:23+00:00\",\"dateModified\":\"2024-07-08T09:47:29+00:00\",\"breadcrumb\":{\"@id\":\"https:\/\/atemporestaurant.com\/es\/politica-de-cookies\/#breadcrumb\"},\"inLanguage\":\"es\",\"potentialAction\":[{\"@type\":\"ReadAction\",\"target\":[\"https:\/\/atemporestaurant.com\/es\/politica-de-cookies\/\"]}]},{\"@type\":\"BreadcrumbList\",\"@id\":\"https:\/\/atemporestaurant.com\/es\/politica-de-cookies\/#breadcrumb\",\"itemListElement\":[{\"@type\":\"ListItem\",\"position\":1,\"name\":\"Portada\",\"item\":\"https:\/\/atemporestaurant.com\/es\/\"},{\"@type\":\"ListItem\",\"position\":2,\"name\":\"Pol\u00edtica de Cookies\"}]},{\"@type\":\"WebSite\",\"@id\":\"https:\/\/atemporestaurant.com\/es\/#website\",\"url\":\"https:\/\/atemporestaurant.com\/es\/\",\"name\":\"Atempo Barcelona\",\"description\":\"\",\"publisher\":{\"@id\":\"https:\/\/atemporestaurant.com\/es\/#organization\"},\"potentialAction\":[{\"@type\":\"SearchAction\",\"target\":{\"@type\":\"EntryPoint\",\"urlTemplate\":\"https:\/\/atemporestaurant.com\/es\/?s={search_term_string}\"},\"query-input\":{\"@type\":\"PropertyValueSpecification\",\"valueRequired\":true,\"valueName\":\"search_term_string\"}}],\"inLanguage\":\"es\"},{\"@type\":\"Organization\",\"@id\":\"https:\/\/atemporestaurant.com\/es\/#organization\",\"name\":\"Atempo Barcelona\",\"url\":\"https:\/\/atemporestaurant.com\/es\/\",\"logo\":{\"@type\":\"ImageObject\",\"inLanguage\":\"es\",\"@id\":\"https:\/\/atemporestaurant.com\/es\/#\/schema\/logo\/image\/\",\"url\":\"https:\/\/atemporestaurant.com\/wp-content\/uploads\/sites\/6\/2024\/09\/cropped-fav-atempo-1.png\",\"contentUrl\":\"https:\/\/atemporestaurant.com\/wp-content\/uploads\/sites\/6\/2024\/09\/cropped-fav-atempo-1.png\",\"width\":512,\"height\":512,\"caption\":\"Atempo Barcelona\"},\"image\":{\"@id\":\"https:\/\/atemporestaurant.com\/es\/#\/schema\/logo\/image\/\"}}]}<\/script>\n<!-- \/ Yoast SEO plugin. -->","yoast_head_json":{"title":"Pol\u00edtica de Cookies - Atempo Barcelona","robots":{"index":"index","follow":"follow","max-snippet":"max-snippet:-1","max-image-preview":"max-image-preview:large","max-video-preview":"max-video-preview:-1"},"canonical":"https:\/\/atemporestaurant.com\/es\/politica-de-cookies\/","og_locale":"es_ES","og_type":"article","og_title":"Pol\u00edtica de Cookies - Atempo Barcelona","og_description":"Cookie es un fichero que se descarga en su ordenador al acceder a determinadas p\u00e1ginas web. Las cookies permiten a una p\u00e1gina web, entre otras cosas, almacenar y recuperar informaci\u00f3n sobre los h\u00e1bitos de navegaci\u00f3n de un usuario o de su equipo y, dependiendo de la informaci\u00f3n que contengan y de la forma en que [&hellip;]","og_url":"https:\/\/atemporestaurant.com\/es\/politica-de-cookies\/","og_site_name":"Atempo Barcelona","article_modified_time":"2024-07-08T09:47:29+00:00","twitter_card":"summary_large_image","twitter_misc":{"Tiempo de lectura":"3 minutos"},"schema":{"@context":"https:\/\/schema.org","@graph":[{"@type":"WebPage","@id":"https:\/\/atemporestaurant.com\/es\/politica-de-cookies\/","url":"https:\/\/atemporestaurant.com\/es\/politica-de-cookies\/","name":"Pol\u00edtica de Cookies - Atempo Barcelona","isPartOf":{"@id":"https:\/\/atemporestaurant.com\/es\/#website"},"datePublished":"2024-04-29T08:39:23+00:00","dateModified":"2024-07-08T09:47:29+00:00","breadcrumb":{"@id":"https:\/\/atemporestaurant.com\/es\/politica-de-cookies\/#breadcrumb"},"inLanguage":"es","potentialAction":[{"@type":"ReadAction","target":["https:\/\/atemporestaurant.com\/es\/politica-de-cookies\/"]}]},{"@type":"BreadcrumbList","@id":"https:\/\/atemporestaurant.com\/es\/politica-de-cookies\/#breadcrumb","itemListElement":[{"@type":"ListItem","position":1,"name":"Portada","item":"https:\/\/atemporestaurant.com\/es\/"},{"@type":"ListItem","position":2,"name":"Pol\u00edtica de Cookies"}]},{"@type":"WebSite","@id":"https:\/\/atemporestaurant.com\/es\/#website","url":"https:\/\/atemporestaurant.com\/es\/","name":"Atempo Barcelona","description":"","publisher":{"@id":"https:\/\/atemporestaurant.com\/es\/#organization"},"potentialAction":[{"@type":"SearchAction","target":{"@type":"EntryPoint","urlTemplate":"https:\/\/atemporestaurant.com\/es\/?s={search_term_string}"},"query-input":{"@type":"PropertyValueSpecification","valueRequired":true,"valueName":"search_term_string"}}],"inLanguage":"es"},{"@type":"Organization","@id":"https:\/\/atemporestaurant.com\/es\/#organization","name":"Atempo Barcelona","url":"https:\/\/atemporestaurant.com\/es\/","logo":{"@type":"ImageObject","inLanguage":"es","@id":"https:\/\/atemporestaurant.com\/es\/#\/schema\/logo\/image\/","url":"https:\/\/atemporestaurant.com\/wp-content\/uploads\/sites\/6\/2024\/09\/cropped-fav-atempo-1.png","contentUrl":"https:\/\/atemporestaurant.com\/wp-content\/uploads\/sites\/6\/2024\/09\/cropped-fav-atempo-1.png","width":512,"height":512,"caption":"Atempo Barcelona"},"image":{"@id":"https:\/\/atemporestaurant.com\/es\/#\/schema\/logo\/image\/"}}]}},"_links":{"self":[{"href":"https:\/\/atemporestaurant.com\/es\/wp-json\/wp\/v2\/pages\/106","targetHints":{"allow":["GET"]}}],"collection":[{"href":"https:\/\/atemporestaurant.com\/es\/wp-json\/wp\/v2\/pages"}],"about":[{"href":"https:\/\/atemporestaurant.com\/es\/wp-json\/wp\/v2\/types\/page"}],"author":[{"embeddable":true,"href":"https:\/\/atemporestaurant.com\/es\/wp-json\/wp\/v2\/users\/1"}],"replies":[{"embeddable":true,"href":"https:\/\/atemporestaurant.com\/es\/wp-json\/wp\/v2\/comments?post=106"}],"version-history":[{"count":3,"href":"https:\/\/atemporestaurant.com\/es\/wp-json\/wp\/v2\/pages\/106\/revisions"}],"predecessor-version":[{"id":1709,"href":"https:\/\/atemporestaurant.com\/es\/wp-json\/wp\/v2\/pages\/106\/revisions\/1709"}],"wp:attachment":[{"href":"https:\/\/atemporestaurant.com\/es\/wp-json\/wp\/v2\/media?parent=106"}],"curies":[{"name":"wp","href":"https:\/\/api.w.org\/{rel}","templated":true}]}}